{"id":5482,"date":"2024-09-18T14:08:25","date_gmt":"2024-09-18T13:08:25","guid":{"rendered":"https:\/\/festivaldelesarts.kinsta.cloud\/serveis\/"},"modified":"2024-11-08T09:46:48","modified_gmt":"2024-11-08T08:46:48","slug":"serveis","status":"publish","type":"page","link":"https:\/\/festivaldelesarts.com\/ca\/serveis\/","title":{"rendered":"Serveis"},"content":{"rendered":"\t\t<div data-elementor-type=\"wp-page\" data-elementor-id=\"5482\" class=\"elementor elementor-5482 elementor-5035\" data-elementor-post-type=\"page\">\n\t\t\t\t<div class=\"elementor-element elementor-element-66d06ec e-con-full e-flex e-con e-parent\" data-id=\"66d06ec\" data-element_type=\"container\" data-e-type=\"container\" data-settings=\"{&quot;background_background&quot;:&quot;classic&quot;}\">\n\t\t\t\t<div class=\"elementor-element elementor-element-14f84e8 elementor-widget elementor-widget-text-editor\" data-id=\"14f84e8\" data-element_type=\"widget\" data-e-type=\"widget\" data-widget_type=\"text-editor.default\">\n\t\t\t\t<div class=\"elementor-widget-container\">\n\t\t\t\t\t\t\t\t\t<p><strong>Serveis<\/strong><\/p>\n\t\t\t\t\t\t\t\t<\/div>\n\t\t\t\t<\/div>\n\t\t<div class=\"elementor-element elementor-element-07e140e e-con-full e-flex e-con e-child\" data-id=\"07e140e\" data-element_type=\"container\" data-e-type=\"container\">\n\t\t<div class=\"elementor-element elementor-element-2232ba6 e-con-full e-flex e-con e-child\" data-id=\"2232ba6\" data-element_type=\"container\" data-e-type=\"container\">\n\t\t<div class=\"elementor-element elementor-element-b99e013 e-con-full e-flex e-con e-child\" data-id=\"b99e013\" data-element_type=\"container\" data-e-type=\"container\" data-settings=\"{&quot;background_background&quot;:&quot;classic&quot;}\">\n\t\t\t\t<div class=\"elementor-element elementor-element-eeb78ae elementor-widget elementor-widget-text-editor\" data-id=\"eeb78ae\" data-element_type=\"widget\" data-e-type=\"widget\" data-widget_type=\"text-editor.default\">\n\t\t\t\t<div class=\"elementor-widget-container\">\n\t\t\t\t\t\t\t\t\t<p><strong>Promo Rec\u00e0rrega<\/strong><\/p>\n\t\t\t\t\t\t\t\t<\/div>\n\t\t\t\t<\/div>\n\t\t\t\t<div class=\"elementor-element elementor-element-f11c5b4 texto elementor-widget__width-inherit elementor-widget elementor-widget-text-editor\" data-id=\"f11c5b4\" data-element_type=\"widget\" data-e-type=\"widget\" data-widget_type=\"text-editor.default\">\n\t\t\t\t<div class=\"elementor-widget-container\">\n\t\t\t\t\t\t\t\t\t<p>Tot es paga amb polsera! Recarregant la teva polsera ara i emporta&#8217;t diners extra GRATIS per consumir en menjar, beguda i marques. <\/p>\n\t\t\t\t\t\t\t\t<\/div>\n\t\t\t\t<\/div>\n\t\t\t\t<div class=\"elementor-element elementor-element-ce9ec1a elementor-align-center elementor-widget elementor-widget-button\" data-id=\"ce9ec1a\" data-element_type=\"widget\" data-e-type=\"widget\" data-widget_type=\"button.default\">\n\t\t\t\t<div class=\"elementor-widget-container\">\n\t\t\t\t\t\t\t\t\t<div class=\"elementor-button-wrapper\">\n\t\t\t\t\t<a class=\"elementor-button elementor-button-link elementor-size-sm elementor-animation-grow\" href=\"https:\/\/festivaldelesarts.com\/ca\/promo-recarrega\/\">\n\t\t\t\t\t\t<span class=\"elementor-button-content-wrapper\">\n\t\t\t\t\t\t\t\t\t<span class=\"elementor-button-text\">+ INFO<\/span>\n\t\t\t\t\t<\/span>\n\t\t\t\t\t<\/a>\n\t\t\t\t<\/div>\n\t\t\t\t\t\t\t\t<\/div>\n\t\t\t\t<\/div>\n\t\t\t\t<\/div>\n\t\t<div class=\"elementor-element elementor-element-595abec e-con-full e-flex e-con e-child\" data-id=\"595abec\" data-element_type=\"container\" data-e-type=\"container\" data-settings=\"{&quot;background_background&quot;:&quot;classic&quot;}\">\n\t\t\t\t<div class=\"elementor-element elementor-element-5a64e19 elementor-widget elementor-widget-text-editor\" data-id=\"5a64e19\" data-element_type=\"widget\" data-e-type=\"widget\" data-widget_type=\"text-editor.default\">\n\t\t\t\t<div class=\"elementor-widget-container\">\n\t\t\t\t\t\t\t\t\t<p><strong>Consignes<\/strong><\/p>\n\t\t\t\t\t\t\t\t<\/div>\n\t\t\t\t<\/div>\n\t\t\t\t<div class=\"elementor-element elementor-element-f5191be texto elementor-widget__width-inherit elementor-widget elementor-widget-text-editor\" data-id=\"f5191be\" data-element_type=\"widget\" data-e-type=\"widget\" data-widget_type=\"text-editor.default\">\n\t\t\t\t<div class=\"elementor-widget-container\">\n\t\t\t\t\t\t\t\t\t<p>Carrega el teu m\u00f2bil i guarda els teus objectes personals a les consignes del festival<span style=\"color: var( --e-global-color-57148df ); font-family: var( --e-global-typography-087ded7-font-family ), Sans-serif; font-size: var( --e-global-typography-087ded7-font-size ); font-weight: var( --e-global-typography-087ded7-font-weight ); letter-spacing: var( --e-global-typography-087ded7-letter-spacing ); word-spacing: var( --e-global-typography-087ded7-word-spacing ); background-color: var( --e-global-color-18915a4 );\">. Todos cuentan con tres enchufes, dos USB y un USB-C para carga de &nbsp;<\/span><span style=\"color: var( --e-global-color-57148df ); font-family: var( --e-global-typography-087ded7-font-family ), Sans-serif; font-size: var( --e-global-typography-087ded7-font-size ); font-weight: var( --e-global-typography-087ded7-font-weight ); letter-spacing: var( --e-global-typography-087ded7-letter-spacing ); word-spacing: var( --e-global-typography-087ded7-word-spacing ); background-color: var( --e-global-color-18915a4 );\">m\u00f2bils (no inclou cable)<\/span><\/p>\n\t\t\t\t\t\t\t\t<\/div>\n\t\t\t\t<\/div>\n\t\t\t\t<div class=\"elementor-element elementor-element-61ea239 elementor-align-center elementor-widget elementor-widget-button\" data-id=\"61ea239\" data-element_type=\"widget\" data-e-type=\"widget\" data-widget_type=\"button.default\">\n\t\t\t\t<div class=\"elementor-widget-container\">\n\t\t\t\t\t\t\t\t\t<div class=\"elementor-button-wrapper\">\n\t\t\t\t\t<a class=\"elementor-button elementor-button-link elementor-size-sm elementor-animation-grow\" href=\"https:\/\/festivaldelesarts.com\/ca\/serveis\/consignes\/\">\n\t\t\t\t\t\t<span class=\"elementor-button-content-wrapper\">\n\t\t\t\t\t\t\t\t\t<span class=\"elementor-button-text\">+ INFO<\/span>\n\t\t\t\t\t<\/span>\n\t\t\t\t\t<\/a>\n\t\t\t\t<\/div>\n\t\t\t\t\t\t\t\t<\/div>\n\t\t\t\t<\/div>\n\t\t\t\t<\/div>\n\t\t\t\t<\/div>\n\t\t\t\t<\/div>\n\t\t\t\t<\/div>\n\t\t\t\t<\/div>\n\t\t","protected":false},"excerpt":{"rendered":"<p>Serveis Promo Rec\u00e0rrega Tot es paga amb polsera! Recarregant la teva polsera ara i emporta&#8217;t diners extra GRATIS per consumir en menjar, beguda i marques. + INFO Consignes Carrega el teu m\u00f2bil i guarda els teus objectes personals a les consignes del festival. Todos cuentan con tres enchufes, dos USB y un USB-C para carga [&hellip;]<\/p>\n","protected":false},"author":8,"featured_media":0,"parent":0,"menu_order":0,"comment_status":"closed","ping_status":"closed","template":"","meta":{"footnotes":""},"class_list":["post-5482","page","type-page","status-publish","hentry"],"yoast_head":"<!-- This site is optimized with the Yoast SEO plugin v27.4 - https:\/\/yoast.com\/product\/yoast-seo-wordpress\/ -->\n<title>Serveis | Festival de les Arts 2025<\/title>\n<meta name=\"description\" content=\"Coneix els serveis que ofereix Festival de les Arts 2025: Promo Rec\u00e0rrega, Consignes i m\u00e9s perqu\u00e8 la teva experi\u00e8ncia sigui perfecta.\" \/>\n<meta name=\"robots\" content=\"index, follow, max-snippet:-1, max-image-preview:large, max-video-preview:-1\" \/>\n<link rel=\"canonical\" href=\"https:\/\/festivaldelesarts.com\/ca\/serveis\/\" \/>\n<meta property=\"og:locale\" content=\"ca_ES\" \/>\n<meta property=\"og:type\" content=\"article\" \/>\n<meta property=\"og:title\" content=\"Serveis | Festival de les Arts 2025\" \/>\n<meta property=\"og:description\" content=\"Coneix els serveis que ofereix Festival de les Arts 2025: Promo Rec\u00e0rrega, Consignes i m\u00e9s perqu\u00e8 la teva experi\u00e8ncia sigui perfecta.\" \/>\n<meta property=\"og:url\" content=\"https:\/\/festivaldelesarts.com\/ca\/serveis\/\" \/>\n<meta property=\"og:site_name\" content=\"Festival de les Arts\" \/>\n<meta property=\"article:modified_time\" content=\"2024-11-08T08:46:48+00:00\" \/>\n<meta name=\"twitter:card\" content=\"summary_large_image\" \/>\n<script type=\"application\/ld+json\" class=\"yoast-schema-graph\">{\"@context\":\"https:\\\/\\\/schema.org\",\"@graph\":[{\"@type\":\"WebPage\",\"@id\":\"https:\\\/\\\/festivaldelesarts.com\\\/ca\\\/serveis\\\/\",\"url\":\"https:\\\/\\\/festivaldelesarts.com\\\/ca\\\/serveis\\\/\",\"name\":\"Serveis | Festival de les Arts 2025\",\"isPartOf\":{\"@id\":\"https:\\\/\\\/festivaldelesarts.com\\\/#website\"},\"datePublished\":\"2024-09-18T13:08:25+00:00\",\"dateModified\":\"2024-11-08T08:46:48+00:00\",\"description\":\"Coneix els serveis que ofereix Festival de les Arts 2025: Promo Rec\u00e0rrega, Consignes i m\u00e9s perqu\u00e8 la teva experi\u00e8ncia sigui perfecta.\",\"breadcrumb\":{\"@id\":\"https:\\\/\\\/festivaldelesarts.com\\\/ca\\\/serveis\\\/#breadcrumb\"},\"inLanguage\":\"ca\",\"potentialAction\":[{\"@type\":\"ReadAction\",\"target\":[\"https:\\\/\\\/festivaldelesarts.com\\\/ca\\\/serveis\\\/\"]}]},{\"@type\":\"BreadcrumbList\",\"@id\":\"https:\\\/\\\/festivaldelesarts.com\\\/ca\\\/serveis\\\/#breadcrumb\",\"itemListElement\":[{\"@type\":\"ListItem\",\"position\":1,\"name\":\"Portada\",\"item\":\"https:\\\/\\\/festivaldelesarts.com\\\/ca\\\/\"},{\"@type\":\"ListItem\",\"position\":2,\"name\":\"Serveis\"}]},{\"@type\":\"WebSite\",\"@id\":\"https:\\\/\\\/festivaldelesarts.com\\\/#website\",\"url\":\"https:\\\/\\\/festivaldelesarts.com\\\/\",\"name\":\"Festival de les Arts\",\"description\":\"Festival de m\u00fasica alternativa, pop y rock que tiene lugar en la Ciudad de las Artes y de las Ciencias, en Valencia.\",\"publisher\":{\"@id\":\"https:\\\/\\\/festivaldelesarts.com\\\/#organization\"},\"potentialAction\":[{\"@type\":\"SearchAction\",\"target\":{\"@type\":\"EntryPoint\",\"urlTemplate\":\"https:\\\/\\\/festivaldelesarts.com\\\/?s={search_term_string}\"},\"query-input\":{\"@type\":\"PropertyValueSpecification\",\"valueRequired\":true,\"valueName\":\"search_term_string\"}}],\"inLanguage\":\"ca\"},{\"@type\":\"Organization\",\"@id\":\"https:\\\/\\\/festivaldelesarts.com\\\/#organization\",\"name\":\"Festival de les Arts\",\"url\":\"https:\\\/\\\/festivaldelesarts.com\\\/\",\"logo\":{\"@type\":\"ImageObject\",\"inLanguage\":\"ca\",\"@id\":\"https:\\\/\\\/festivaldelesarts.com\\\/#\\\/schema\\\/logo\\\/image\\\/\",\"url\":\"https:\\\/\\\/festivaldelesarts.com\\\/wp-content\\\/uploads\\\/2022\\\/05\\\/Recurso-9@150x.webp\",\"contentUrl\":\"https:\\\/\\\/festivaldelesarts.com\\\/wp-content\\\/uploads\\\/2022\\\/05\\\/Recurso-9@150x.webp\",\"width\":730,\"height\":209,\"caption\":\"Festival de les Arts\"},\"image\":{\"@id\":\"https:\\\/\\\/festivaldelesarts.com\\\/#\\\/schema\\\/logo\\\/image\\\/\"}}]}<\/script>\n<!-- \/ Yoast SEO plugin. -->","yoast_head_json":{"title":"Serveis | Festival de les Arts 2025","description":"Coneix els serveis que ofereix Festival de les Arts 2025: Promo Rec\u00e0rrega, Consignes i m\u00e9s perqu\u00e8 la teva experi\u00e8ncia sigui perfecta.","robots":{"index":"index","follow":"follow","max-snippet":"max-snippet:-1","max-image-preview":"max-image-preview:large","max-video-preview":"max-video-preview:-1"},"canonical":"https:\/\/festivaldelesarts.com\/ca\/serveis\/","og_locale":"ca_ES","og_type":"article","og_title":"Serveis | Festival de les Arts 2025","og_description":"Coneix els serveis que ofereix Festival de les Arts 2025: Promo Rec\u00e0rrega, Consignes i m\u00e9s perqu\u00e8 la teva experi\u00e8ncia sigui perfecta.","og_url":"https:\/\/festivaldelesarts.com\/ca\/serveis\/","og_site_name":"Festival de les Arts","article_modified_time":"2024-11-08T08:46:48+00:00","twitter_card":"summary_large_image","schema":{"@context":"https:\/\/schema.org","@graph":[{"@type":"WebPage","@id":"https:\/\/festivaldelesarts.com\/ca\/serveis\/","url":"https:\/\/festivaldelesarts.com\/ca\/serveis\/","name":"Serveis | Festival de les Arts 2025","isPartOf":{"@id":"https:\/\/festivaldelesarts.com\/#website"},"datePublished":"2024-09-18T13:08:25+00:00","dateModified":"2024-11-08T08:46:48+00:00","description":"Coneix els serveis que ofereix Festival de les Arts 2025: Promo Rec\u00e0rrega, Consignes i m\u00e9s perqu\u00e8 la teva experi\u00e8ncia sigui perfecta.","breadcrumb":{"@id":"https:\/\/festivaldelesarts.com\/ca\/serveis\/#breadcrumb"},"inLanguage":"ca","potentialAction":[{"@type":"ReadAction","target":["https:\/\/festivaldelesarts.com\/ca\/serveis\/"]}]},{"@type":"BreadcrumbList","@id":"https:\/\/festivaldelesarts.com\/ca\/serveis\/#breadcrumb","itemListElement":[{"@type":"ListItem","position":1,"name":"Portada","item":"https:\/\/festivaldelesarts.com\/ca\/"},{"@type":"ListItem","position":2,"name":"Serveis"}]},{"@type":"WebSite","@id":"https:\/\/festivaldelesarts.com\/#website","url":"https:\/\/festivaldelesarts.com\/","name":"Festival de les Arts","description":"Festival de m\u00fasica alternativa, pop y rock que tiene lugar en la Ciudad de las Artes y de las Ciencias, en Valencia.","publisher":{"@id":"https:\/\/festivaldelesarts.com\/#organization"},"potentialAction":[{"@type":"SearchAction","target":{"@type":"EntryPoint","urlTemplate":"https:\/\/festivaldelesarts.com\/?s={search_term_string}"},"query-input":{"@type":"PropertyValueSpecification","valueRequired":true,"valueName":"search_term_string"}}],"inLanguage":"ca"},{"@type":"Organization","@id":"https:\/\/festivaldelesarts.com\/#organization","name":"Festival de les Arts","url":"https:\/\/festivaldelesarts.com\/","logo":{"@type":"ImageObject","inLanguage":"ca","@id":"https:\/\/festivaldelesarts.com\/#\/schema\/logo\/image\/","url":"https:\/\/festivaldelesarts.com\/wp-content\/uploads\/2022\/05\/Recurso-9@150x.webp","contentUrl":"https:\/\/festivaldelesarts.com\/wp-content\/uploads\/2022\/05\/Recurso-9@150x.webp","width":730,"height":209,"caption":"Festival de les Arts"},"image":{"@id":"https:\/\/festivaldelesarts.com\/#\/schema\/logo\/image\/"}}]}},"_links":{"self":[{"href":"https:\/\/festivaldelesarts.com\/ca\/wp-json\/wp\/v2\/pages\/5482","targetHints":{"allow":["GET"]}}],"collection":[{"href":"https:\/\/festivaldelesarts.com\/ca\/wp-json\/wp\/v2\/pages"}],"about":[{"href":"https:\/\/festivaldelesarts.com\/ca\/wp-json\/wp\/v2\/types\/page"}],"author":[{"embeddable":true,"href":"https:\/\/festivaldelesarts.com\/ca\/wp-json\/wp\/v2\/users\/8"}],"replies":[{"embeddable":true,"href":"https:\/\/festivaldelesarts.com\/ca\/wp-json\/wp\/v2\/comments?post=5482"}],"version-history":[{"count":1,"href":"https:\/\/festivaldelesarts.com\/ca\/wp-json\/wp\/v2\/pages\/5482\/revisions"}],"predecessor-version":[{"id":5483,"href":"https:\/\/festivaldelesarts.com\/ca\/wp-json\/wp\/v2\/pages\/5482\/revisions\/5483"}],"wp:attachment":[{"href":"https:\/\/festivaldelesarts.com\/ca\/wp-json\/wp\/v2\/media?parent=5482"}],"curies":[{"name":"wp","href":"https:\/\/api.w.org\/{rel}","templated":true}]}}